{"id":664,"date":"2017-04-03T20:39:38","date_gmt":"2017-04-03T20:39:38","guid":{"rendered":"http:\/\/centra2000palmira.net\/wp\/?page_id=719"},"modified":"2017-04-03T20:39:38","modified_gmt":"2017-04-03T20:39:38","slug":"terapias-alternativas","status":"publish","type":"page","link":"https:\/\/centra2000palmira.edu.co\/wp\/terapias-alternativas\/","title":{"rendered":"Terapias alternativas"},"content":{"rendered":"<p>Competencias b\u00e1sicas<\/p>\n<p>1. Inducci\u00f3n institucional<br \/>\n2. \u00c9tica y valores<br \/>\n3. T\u00e9cnicas de estudio<br \/>\n4. Aplicar tecnolog\u00edas de la informaci\u00f3n teniendo en cuenta las necesidades de la unidad de trabajo<\/p>\n<p>Competencias transversales<\/p>\n<p>5. Generar actitudes y practicas saludables en el sitio de trabajo<br \/>\n6. Controlar las infecciones en los usuarios y su entorno de acuerdo con las buenas practicas sanitarias<br \/>\n7. Atender y orientar a la persona en relaci\u00f3n con sus necesidades y expectativas de acuerdo con pol\u00edticas institucionales y normas de salud<br \/>\n8. Admitir al usuario en la red de servicios de salud seg\u00fan niveles de atenci\u00f3n y normativa vigente<\/p>\n<p>Competencias especificas<\/p>\n<p>9. Apoyar el diagnostico y tratamiento odontol\u00f3gico de los usuarios de acuerdo con los requerimientos de las personas y del sistema general de seguridad social en salud (SGSSS)<\/p>\n","protected":false},"excerpt":{"rendered":"<p>Competencias b\u00e1sicas 1. Inducci\u00f3n institucional 2. \u00c9tica y valores 3. T\u00e9cnicas de estudio 4. Aplicar tecnolog\u00edas de la informaci\u00f3n teniendo en cuenta las necesidades de la unidad de trabajo Competencias transversales 5. Generar actitudes y practicas saludables en el sitio de trabajo 6. Controlar las infecciones en los usuarios y [&hellip;]<\/p>\n","protected":false},"author":1,"featured_media":0,"parent":0,"menu_order":0,"comment_status":"closed","ping_status":"closed","template":"templates\/fullwidth.php","meta":{"inline_featured_image":false,"_monsterinsights_skip_tracking":false,"_monsterinsights_sitenote_active":false,"_monsterinsights_sitenote_note":"","_monsterinsights_sitenote_category":0,"footnotes":""},"class_list":["post-664","page","type-page","status-publish","hentry"],"_links":{"self":[{"href":"https:\/\/centra2000palmira.edu.co\/wp\/wp-json\/wp\/v2\/pages\/664","targetHints":{"allow":["GET"]}}],"collection":[{"href":"https:\/\/centra2000palmira.edu.co\/wp\/wp-json\/wp\/v2\/pages"}],"about":[{"href":"https:\/\/centra2000palmira.edu.co\/wp\/wp-json\/wp\/v2\/types\/page"}],"author":[{"embeddable":true,"href":"https:\/\/centra2000palmira.edu.co\/wp\/wp-json\/wp\/v2\/users\/1"}],"replies":[{"embeddable":true,"href":"https:\/\/centra2000palmira.edu.co\/wp\/wp-json\/wp\/v2\/comments?post=664"}],"version-history":[{"count":0,"href":"https:\/\/centra2000palmira.edu.co\/wp\/wp-json\/wp\/v2\/pages\/664\/revisions"}],"wp:attachment":[{"href":"https:\/\/centra2000palmira.edu.co\/wp\/wp-json\/wp\/v2\/media?parent=664"}],"curies":[{"name":"wp","href":"https:\/\/api.w.org\/{rel}","templated":true}]}}