{"id":2608,"date":"2021-12-02T07:09:17","date_gmt":"2021-12-02T07:09:17","guid":{"rendered":"https:\/\/centra2000palmira.net\/wp\/?page_id=2608"},"modified":"2025-08-08T18:51:44","modified_gmt":"2025-08-08T18:51:44","slug":"auxiliar-en-saneamiento-ambiental","status":"publish","type":"page","link":"https:\/\/centra2000palmira.edu.co\/wp\/auxiliar-en-saneamiento-ambiental\/","title":{"rendered":"Auxiliar en Saneamiento Ambiental"},"content":{"rendered":"\t\t<div data-elementor-type=\"wp-page\" data-elementor-id=\"2608\" class=\"elementor elementor-2608\">\n\t\t\t\t\t\t\t\t\t<section class=\"elementor-section elementor-top-section elementor-element elementor-element-713ecc53 elementor-section-boxed elementor-section-height-default elementor-section-height-default\" data-id=\"713ecc53\" data-element_type=\"section\">\n\t\t\t\t\t\t<div class=\"elementor-container elementor-column-gap-default\">\n\t\t\t\t\t<div class=\"elementor-column elementor-col-100 elementor-top-column elementor-element elementor-element-7b28288\" data-id=\"7b28288\" data-element_type=\"column\">\n\t\t\t<div class=\"elementor-widget-wrap elementor-element-populated\">\n\t\t\t\t\t\t\t\t<section class=\"elementor-section elementor-inner-section elementor-element elementor-element-18426c6 elementor-section-full_width elementor-section-height-default elementor-section-height-default\" data-id=\"18426c6\" data-element_type=\"section\">\n\t\t\t\t\t\t<div class=\"elementor-container elementor-column-gap-default\">\n\t\t\t\t\t<div class=\"elementor-column elementor-col-100 elementor-inner-column elementor-element elementor-element-8571fe8\" data-id=\"8571fe8\" data-element_type=\"column\">\n\t\t\t<div class=\"elementor-widget-wrap elementor-element-populated\">\n\t\t\t\t\t\t\t\t<div class=\"elementor-element elementor-element-a62cfb7 elementor-widget elementor-widget-image\" data-id=\"a62cfb7\" data-element_type=\"widget\" data-widget_type=\"image.default\">\n\t\t\t\t<div class=\"elementor-widget-container\">\n\t\t\t\t\t\t\t\t\t\t\t\t\t\t\t<img decoding=\"async\" width=\"940\" height=\"788\" src=\"https:\/\/centra2000palmira.edu.co\/wp\/wp-content\/uploads\/2025\/05\/4.png\" class=\"attachment-full size-full\" alt=\"\" srcset=\"https:\/\/centra2000palmira.edu.co\/wp\/wp-content\/uploads\/2025\/05\/4.png 940w, https:\/\/centra2000palmira.edu.co\/wp\/wp-content\/uploads\/2025\/05\/4-300x251.png 300w, https:\/\/centra2000palmira.edu.co\/wp\/wp-content\/uploads\/2025\/05\/4-768x644.png 768w\" sizes=\"(max-width: 940px) 100vw, 940px\" \/>\t\t\t\t\t\t\t\t\t\t\t\t\t\t\t<\/div>\n\t\t\t\t<\/div>\n\t\t\t\t\t<\/div>\n\t\t<\/div>\n\t\t\t\t\t\t\t<\/div>\n\t\t<\/section>\n\t\t\t\t<section class=\"elementor-section elementor-inner-section elementor-element elementor-element-30a6a8b elementor-section-boxed elementor-section-height-default elementor-section-height-default\" data-id=\"30a6a8b\" data-element_type=\"section\">\n\t\t\t\t\t\t<div class=\"elementor-container elementor-column-gap-default\">\n\t\t\t\t\t<div class=\"elementor-column elementor-col-100 elementor-inner-column elementor-element elementor-element-7846062\" data-id=\"7846062\" data-element_type=\"column\">\n\t\t\t<div class=\"elementor-widget-wrap\">\n\t\t\t\t\t\t\t\t\t<\/div>\n\t\t<\/div>\n\t\t\t\t\t\t\t<\/div>\n\t\t<\/section>\n\t\t\t\t<section class=\"elementor-section elementor-inner-section elementor-element elementor-element-8b8fc83 elementor-section-boxed elementor-section-height-default elementor-section-height-default\" data-id=\"8b8fc83\" data-element_type=\"section\">\n\t\t\t\t\t\t<div class=\"elementor-container elementor-column-gap-default\">\n\t\t\t\t\t<div class=\"elementor-column elementor-col-33 elementor-inner-column elementor-element elementor-element-0c78472\" data-id=\"0c78472\" data-element_type=\"column\">\n\t\t\t<div class=\"elementor-widget-wrap elementor-element-populated\">\n\t\t\t\t\t\t\t\t<div class=\"elementor-element elementor-element-873a1ff elementor-widget elementor-widget-text-editor\" data-id=\"873a1ff\" data-element_type=\"widget\" data-widget_type=\"text-editor.default\">\n\t\t\t\t<div class=\"elementor-widget-container\">\n\t\t\t\t\t\t\t\t\t\t\t\t\t<\/div>\n\t\t\t\t<\/div>\n\t\t\t\t<div class=\"elementor-element elementor-element-bb4d6e6 elementor-widget elementor-widget-heading\" data-id=\"bb4d6e6\" data-element_type=\"widget\" data-widget_type=\"heading.default\">\n\t\t\t\t<div class=\"elementor-widget-container\">\n\t\t\t<h1 class=\"elementor-heading-title elementor-size-large\"><span style=\"font-size: 42px;\">Perfil Ocupacional<\/span><\/h1>\t\t<\/div>\n\t\t\t\t<\/div>\n\t\t\t\t<div class=\"elementor-element elementor-element-61454dd elementor-widget elementor-widget-text-editor\" data-id=\"61454dd\" data-element_type=\"widget\" data-widget_type=\"text-editor.default\">\n\t\t\t\t<div class=\"elementor-widget-container\">\n\t\t\t\t\t\t\t<p><span style=\"color: #3c4858; font-family: Ubuntu, sans-serif;\">Nuestro Egresado\u00a0<\/span><span style=\"font-family: Ubuntu, sans-serif; color: #11105b;\"><span style=\"font-weight: bold;\">T\u00e9cnico Laboral por Competencias en Saneamiento Ambiental<\/span><\/span><span style=\"font-family: Ubuntu, sans-serif;\">,<\/span><span style=\"color: #3c4858; font-family: Ubuntu, sans-serif;\">\u00a0<\/span><span style=\"color: #3c4858; font-family: Ubuntu, sans-serif;\">estar\u00e1 en capacidad de asistir y apoyar en actividades relacionadas con la inspecci\u00f3n, vigilancia y control de los factores de riesgo en el ambiente, el impacto de dichos factores en la salud de la poblaci\u00f3n tales, como la calidad del agua, las condiciones higi\u00e9nicas y sanitarias a las que son sometidas los alimentos y las bebidas, el control de los desechos , la vigilancia y control de los riesgos ocupacionales.<\/span><\/p>\t\t\t\t\t\t<\/div>\n\t\t\t\t<\/div>\n\t\t\t\t\t<\/div>\n\t\t<\/div>\n\t\t\t\t<div class=\"elementor-column elementor-col-33 elementor-inner-column elementor-element elementor-element-1684913\" data-id=\"1684913\" data-element_type=\"column\">\n\t\t\t<div class=\"elementor-widget-wrap elementor-element-populated\">\n\t\t\t\t\t\t\t\t<div class=\"elementor-element elementor-element-3f5613a elementor-widget elementor-widget-heading\" data-id=\"3f5613a\" data-element_type=\"widget\" data-widget_type=\"heading.default\">\n\t\t\t\t<div class=\"elementor-widget-container\">\n\t\t\t<h1 class=\"elementor-heading-title elementor-size-large\">Podr\u00e1 desempe\u00f1arse en:<\/h1>\t\t<\/div>\n\t\t\t\t<\/div>\n\t\t\t\t<div class=\"elementor-element elementor-element-f079619 elementor-widget elementor-widget-text-editor\" data-id=\"f079619\" data-element_type=\"widget\" data-widget_type=\"text-editor.default\">\n\t\t\t\t<div class=\"elementor-widget-container\">\n\t\t\t\t\t\t\t<ul><li style=\"font-weight: 400;\" aria-level=\"1\"><span style=\"font-weight: 400;\">Apoyar las labores de inspecci\u00f3n, vigilancia y control de la calidad del agua, disposici\u00f3n de desechos l\u00edquidos y s\u00f3lidos y su impacto en la salud.\u00a0<\/span><\/li><li style=\"font-weight: 400;\" aria-level=\"1\"><span style=\"font-weight: 400;\">Verificar las condiciones higi\u00e9nico \u2013 sanitarias desde el proceso, manipulaci\u00f3n y comercializaci\u00f3n de alimentos y medicamentos.<\/span><\/li><li style=\"font-weight: 400;\" aria-level=\"1\"><span style=\"font-weight: 400;\">Caracterizar y clasificar los establecimientos educativos, comerciales, especiales y viviendas para establecer el estado sanitario.\u00a0<\/span><\/li><li style=\"font-weight: 400;\" aria-level=\"1\"><span style=\"font-weight: 400;\">Realizar acciones de capacitaci\u00f3n a manipuladores de alimentos en aspectos t\u00e9cnicos y sanitarios propios de su actividad.\u00a0<\/span><\/li><li style=\"font-weight: 400;\" aria-level=\"1\"><span style=\"font-weight: 400;\">Asistir en las actividades epidemiol\u00f3gicas en el control de enfermedades zoon\u00f3ticas.\u00a0<\/span><\/li><li style=\"font-weight: 400;\" aria-level=\"1\"><span style=\"font-weight: 400;\">Realizar actividades relacionadas con la prevenci\u00f3n y el control sanitario de artr\u00f3podos y roedores.\u00a0<\/span><\/li><li style=\"font-weight: 400;\" aria-level=\"1\"><span style=\"font-weight: 400;\">Realizar muestreos de agua y alimentos para an\u00e1lisis fisicoqu\u00edmicos y microbiol\u00f3gicos.\u00a0<\/span><\/li><li style=\"font-weight: 400;\" aria-level=\"1\"><span style=\"font-weight: 400;\">\u00a0Interpretar normatividad en la aplicaci\u00f3n de medidas preventivas y de seguridad.\u00a0<\/span><\/li><li style=\"font-weight: 400;\" aria-level=\"1\"><span style=\"font-weight: 400;\">Verificar las condiciones de salud ocupacional y seguridad industrial en las actividades relacionadas con el saneamiento ambiental.<\/span><\/li><\/ul>\t\t\t\t\t\t<\/div>\n\t\t\t\t<\/div>\n\t\t\t\t\t<\/div>\n\t\t<\/div>\n\t\t\t\t<div class=\"elementor-column elementor-col-33 elementor-inner-column elementor-element elementor-element-529f2d8\" data-id=\"529f2d8\" data-element_type=\"column\">\n\t\t\t<div class=\"elementor-widget-wrap elementor-element-populated\">\n\t\t\t\t\t\t\t\t<div class=\"elementor-element elementor-element-c2073eb elementor-widget elementor-widget-heading\" data-id=\"c2073eb\" data-element_type=\"widget\" data-widget_type=\"heading.default\">\n\t\t\t\t<div class=\"elementor-widget-container\">\n\t\t\t<h1 class=\"elementor-heading-title elementor-size-large\">Requisitos<\/h1>\t\t<\/div>\n\t\t\t\t<\/div>\n\t\t\t\t<div class=\"elementor-element elementor-element-5135c30 elementor-widget elementor-widget-text-editor\" data-id=\"5135c30\" data-element_type=\"widget\" data-widget_type=\"text-editor.default\">\n\t\t\t\t<div class=\"elementor-widget-container\">\n\t\t\t\t\t\t\t<ul><li><span style=\"font-weight: 400;\">Edad M\u00ednima 16 a\u00f1os.<\/span><\/li><li><span style=\"font-weight: 400;\">2 fotos fondo azul.<\/span><\/li><li><span style=\"font-weight: 400;\">Fotocopia legible del Documento de Identidad.<\/span><\/li><li><span style=\"font-weight: 400;\">Certificado de grado Noveno Aprobado, en caso de que\u00a0 se encuentre estudiando el bachillerato.<\/span><\/li><li><span style=\"font-weight: 400;\">Diploma o Acta de Bachiller.<\/span><\/li><li><span style=\"font-weight: 400;\">Certificado\u00a0 de afiliaci\u00f3n a la Eps.<\/span><\/li><li style=\"list-style-type: none;\"><ul><\/ul><\/li><\/ul>\t\t\t\t\t\t<\/div>\n\t\t\t\t<\/div>\n\t\t\t\t<div class=\"elementor-element elementor-element-e10b47c elementor-widget elementor-widget-heading\" data-id=\"e10b47c\" data-element_type=\"widget\" data-widget_type=\"heading.default\">\n\t\t\t\t<div class=\"elementor-widget-container\">\n\t\t\t<h1 class=\"elementor-heading-title elementor-size-large\">Informaci\u00f3n Importante<\/h1>\t\t<\/div>\n\t\t\t\t<\/div>\n\t\t\t\t<div class=\"elementor-element elementor-element-0642876 elementor-widget elementor-widget-text-editor\" data-id=\"0642876\" data-element_type=\"widget\" data-widget_type=\"text-editor.default\">\n\t\t\t\t<div class=\"elementor-widget-container\">\n\t\t\t\t\t\t\t<div><span style=\"font-family: Ubuntu;\">\u00a0<\/span><\/div><ul><li><span style=\"font-weight: 400;\">Jornada: Sabatina.<\/span><\/li><li><strong>Contamos con Cr\u00e9dito Educativo Con Cuotas Fijas sin Intereses.<\/strong><\/li><\/ul>\t\t\t\t\t\t<\/div>\n\t\t\t\t<\/div>\n\t\t\t\t\t<\/div>\n\t\t<\/div>\n\t\t\t\t\t\t\t<\/div>\n\t\t<\/section>\n\t\t\t\t<div class=\"elementor-element elementor-element-b75c600 elementor-widget elementor-widget-heading\" data-id=\"b75c600\" data-element_type=\"widget\" data-widget_type=\"heading.default\">\n\t\t\t\t<div class=\"elementor-widget-container\">\n\t\t\t<h1 class=\"elementor-heading-title elementor-size-large\"><a href=\"https:\/\/centra2000palmira.edu.co\/wp\/wp-content\/uploads\/2023\/01\/TECNICO-LABORAL-POR-COMPETENCIAS-EN-SANEAMIENTO-AMBIENTAL.pdf\" target=\"_blank\"><b>Descarga el pensum<\/b><br>Intensidad Total del Programa 1.300 Horas<\/a><\/h1>\t\t<\/div>\n\t\t\t\t<\/div>\n\t\t\t\t<div class=\"elementor-element elementor-element-0f70ce6 elementor-widget elementor-widget-heading\" data-id=\"0f70ce6\" data-element_type=\"widget\" data-widget_type=\"heading.default\">\n\t\t\t\t<div class=\"elementor-widget-container\">\n\t\t\t<h1 class=\"elementor-heading-title elementor-size-large\"><a href=\"https:\/\/centra2000palmira.edu.co\/wp\/wp-content\/uploads\/2025\/08\/Resolucion-Saneamiento-Ambiental.pdf\" target=\"_blank\"><b>Resoluci\u00f3n del Programa<\/b><\/a><\/h1>\t\t<\/div>\n\t\t\t\t<\/div>\n\t\t\t\t\t<\/div>\n\t\t<\/div>\n\t\t\t\t\t\t\t<\/div>\n\t\t<\/section>\n\t\t\t\t<section class=\"elementor-section elementor-top-section elementor-element elementor-element-77503c28 elementor-section-boxed elementor-section-height-default elementor-section-height-default\" data-id=\"77503c28\" data-element_type=\"section\">\n\t\t\t\t\t\t<div class=\"elementor-container elementor-column-gap-default\">\n\t\t\t\t\t<div class=\"elementor-column elementor-col-33 elementor-top-column elementor-element elementor-element-11c3db6d\" data-id=\"11c3db6d\" data-element_type=\"column\">\n\t\t\t<div class=\"elementor-widget-wrap elementor-element-populated\">\n\t\t\t\t\t\t\t\t<div class=\"elementor-element elementor-element-23598347 elementor-view-default elementor-widget elementor-widget-icon\" data-id=\"23598347\" data-element_type=\"widget\" data-widget_type=\"icon.default\">\n\t\t\t\t<div class=\"elementor-widget-container\">\n\t\t\t\t\t<div class=\"elementor-icon-wrapper\">\n\t\t\t<div class=\"elementor-icon elementor-animation-pulse\">\n\t\t\t<i aria-hidden=\"true\" class=\"far fa-paper-plane\"><\/i>\t\t\t<\/div>\n\t\t<\/div>\n\t\t\t\t<\/div>\n\t\t\t\t<\/div>\n\t\t\t\t<div class=\"elementor-element elementor-element-6c92296 elementor-widget elementor-widget-heading\" data-id=\"6c92296\" data-element_type=\"widget\" data-widget_type=\"heading.default\">\n\t\t\t\t<div class=\"elementor-widget-container\">\n\t\t\t<h2 class=\"elementor-heading-title elementor-size-default\">DIRECCI\u00d3N:<\/h2>\t\t<\/div>\n\t\t\t\t<\/div>\n\t\t\t\t<div class=\"elementor-element elementor-element-54f659ea elementor-widget elementor-widget-text-editor\" data-id=\"54f659ea\" data-element_type=\"widget\" data-widget_type=\"text-editor.default\">\n\t\t\t\t<div class=\"elementor-widget-container\">\n\t\t\t\t\t\t\t<p><span>Carrera 24 # 31 &#8211; 52 Palmira<\/span><\/p>\t\t\t\t\t\t<\/div>\n\t\t\t\t<\/div>\n\t\t\t\t\t<\/div>\n\t\t<\/div>\n\t\t\t\t<div class=\"elementor-column elementor-col-33 elementor-top-column elementor-element elementor-element-af76cf4\" data-id=\"af76cf4\" data-element_type=\"column\">\n\t\t\t<div class=\"elementor-widget-wrap elementor-element-populated\">\n\t\t\t\t\t\t\t\t<div class=\"elementor-element elementor-element-5f1d6b65 elementor-view-default elementor-widget elementor-widget-icon\" data-id=\"5f1d6b65\" data-element_type=\"widget\" data-widget_type=\"icon.default\">\n\t\t\t\t<div class=\"elementor-widget-container\">\n\t\t\t\t\t<div class=\"elementor-icon-wrapper\">\n\t\t\t<div class=\"elementor-icon elementor-animation-pulse\">\n\t\t\t<i aria-hidden=\"true\" class=\"fas fa-mail-bulk\"><\/i>\t\t\t<\/div>\n\t\t<\/div>\n\t\t\t\t<\/div>\n\t\t\t\t<\/div>\n\t\t\t\t<div class=\"elementor-element elementor-element-6579019c elementor-widget elementor-widget-heading\" data-id=\"6579019c\" data-element_type=\"widget\" data-widget_type=\"heading.default\">\n\t\t\t\t<div class=\"elementor-widget-container\">\n\t\t\t<h2 class=\"elementor-heading-title elementor-size-default\">CORREO:<\/h2>\t\t<\/div>\n\t\t\t\t<\/div>\n\t\t\t\t<div class=\"elementor-element elementor-element-5862964c elementor-widget elementor-widget-text-editor\" data-id=\"5862964c\" data-element_type=\"widget\" data-widget_type=\"text-editor.default\">\n\t\t\t\t<div class=\"elementor-widget-container\">\n\t\t\t\t\t\t\t<p><a class=\"contact-email topbar-icon\" href=\"mailto:mercadeo@centra2000palmira.net\">mercadeo@centra2000palmira.net<\/a><\/p>\t\t\t\t\t\t<\/div>\n\t\t\t\t<\/div>\n\t\t\t\t\t<\/div>\n\t\t<\/div>\n\t\t\t\t<div class=\"elementor-column elementor-col-33 elementor-top-column elementor-element elementor-element-247164ea\" data-id=\"247164ea\" data-element_type=\"column\">\n\t\t\t<div class=\"elementor-widget-wrap elementor-element-populated\">\n\t\t\t\t\t\t\t\t<div class=\"elementor-element elementor-element-305f6c07 elementor-view-default elementor-widget elementor-widget-icon\" data-id=\"305f6c07\" data-element_type=\"widget\" data-widget_type=\"icon.default\">\n\t\t\t\t<div class=\"elementor-widget-container\">\n\t\t\t\t\t<div class=\"elementor-icon-wrapper\">\n\t\t\t<div class=\"elementor-icon elementor-animation-pulse\">\n\t\t\t<i aria-hidden=\"true\" class=\"fas fa-phone-square-alt\"><\/i>\t\t\t<\/div>\n\t\t<\/div>\n\t\t\t\t<\/div>\n\t\t\t\t<\/div>\n\t\t\t\t<div class=\"elementor-element elementor-element-73405aea elementor-widget elementor-widget-heading\" data-id=\"73405aea\" data-element_type=\"widget\" data-widget_type=\"heading.default\">\n\t\t\t\t<div class=\"elementor-widget-container\">\n\t\t\t<h2 class=\"elementor-heading-title elementor-size-default\">TELEFONOS:<\/h2>\t\t<\/div>\n\t\t\t\t<\/div>\n\t\t\t\t<div class=\"elementor-element elementor-element-5f680547 elementor-widget elementor-widget-text-editor\" data-id=\"5f680547\" data-element_type=\"widget\" data-widget_type=\"text-editor.default\">\n\t\t\t\t<div class=\"elementor-widget-container\">\n\t\t\t\t\t\t\t<hr>\n<p><a class=\"contact-phone topbar-icon\" href=\"callto:Tel: 2807616 - 2759670 Cel: 3188481685\"><\/a><\/p>\n<hr>\n<p><a class=\"contact-phone topbar-icon\" href=\"callto:Tel: 2807616 - 2759670 Cel: 3188481685\">(602) <\/a><a class=\"contact-phone topbar-icon\" href=\"callto:Tel: 2807616 - 2759670 Cel: 3188481685\">2682930<\/a><a class=\"contact-phone topbar-icon\" href=\"callto:Tel: 2807616 - 2759670 Cel: 3188481685\"> Cel: 313<\/a>5330976<\/p>\t\t\t\t\t\t<\/div>\n\t\t\t\t<\/div>\n\t\t\t\t\t<\/div>\n\t\t<\/div>\n\t\t\t\t\t\t\t<\/div>\n\t\t<\/section>\n\t\t\t\t\t\t\t<\/div>\n\t\t","protected":false},"excerpt":{"rendered":"<p>Perfil Ocupacional Nuestro Egresado\u00a0T\u00e9cnico Laboral por Competencias en Saneamiento Ambiental,\u00a0estar\u00e1 en capacidad de asistir y apoyar en actividades relacionadas con la inspecci\u00f3n, vigilancia y control de los factores de riesgo en el ambiente, el impacto de dichos factores en la salud de la poblaci\u00f3n tales, como la calidad del agua, [&hellip;]<\/p>\n","protected":false},"author":1,"featured_media":0,"parent":0,"menu_order":0,"comment_status":"closed","ping_status":"closed","template":"","meta":{"inline_featured_image":false,"_monsterinsights_skip_tracking":false,"_monsterinsights_sitenote_active":false,"_monsterinsights_sitenote_note":"","_monsterinsights_sitenote_category":0,"footnotes":""},"class_list":["post-2608","page","type-page","status-publish","hentry"],"_links":{"self":[{"href":"https:\/\/centra2000palmira.edu.co\/wp\/wp-json\/wp\/v2\/pages\/2608","targetHints":{"allow":["GET"]}}],"collection":[{"href":"https:\/\/centra2000palmira.edu.co\/wp\/wp-json\/wp\/v2\/pages"}],"about":[{"href":"https:\/\/centra2000palmira.edu.co\/wp\/wp-json\/wp\/v2\/types\/page"}],"author":[{"embeddable":true,"href":"https:\/\/centra2000palmira.edu.co\/wp\/wp-json\/wp\/v2\/users\/1"}],"replies":[{"embeddable":true,"href":"https:\/\/centra2000palmira.edu.co\/wp\/wp-json\/wp\/v2\/comments?post=2608"}],"version-history":[{"count":63,"href":"https:\/\/centra2000palmira.edu.co\/wp\/wp-json\/wp\/v2\/pages\/2608\/revisions"}],"predecessor-version":[{"id":4691,"href":"https:\/\/centra2000palmira.edu.co\/wp\/wp-json\/wp\/v2\/pages\/2608\/revisions\/4691"}],"wp:attachment":[{"href":"https:\/\/centra2000palmira.edu.co\/wp\/wp-json\/wp\/v2\/media?parent=2608"}],"curies":[{"name":"wp","href":"https:\/\/api.w.org\/{rel}","templated":true}]}}